{"id":9959,"date":"2021-05-18T06:40:53","date_gmt":"2021-05-18T05:40:53","guid":{"rendered":"https:\/\/www.kambi.com\/news-insights\/"},"modified":"2024-05-31T11:55:09","modified_gmt":"2024-05-31T10:55:09","slug":"articulos-y-noticias","status":"publish","type":"page","link":"https:\/\/www.kambi.com\/es\/articulos-y-noticias\/","title":{"rendered":"Art\u00edculos y noticias"},"content":{"rendered":"<p>[et_pb_section fb_built=&#8221;1&#8243; _builder_version=&#8221;4.16&#8243; _module_preset=&#8221;default&#8221; custom_padding=&#8221;20px||0px||false|false&#8221; global_colors_info=&#8221;{}&#8221;][et_pb_row column_structure=&#8221;3_4,1_4&#8243; _builder_version=&#8221;4.16&#8243; _module_preset=&#8221;default&#8221; max_width=&#8221;1300px&#8221; custom_padding=&#8221;0px||0px||false|false&#8221; global_colors_info=&#8221;{}&#8221;][et_pb_column type=&#8221;3_4&#8243; _builder_version=&#8221;4.16&#8243; _module_preset=&#8221;default&#8221; custom_css_main_element=&#8221;margin-right: 30px !important;&#8221; global_colors_info=&#8221;{}&#8221; custom_css_main_element_last_edited=&#8221;on|phone&#8221; custom_css_main_element_tablet=&#8221;margin-right: 0px !important;&#8221; custom_css_main_element_phone=&#8221;margin-right: 30px !important;&#8221;][et_pb_post_title meta=&#8221;off&#8221; featured_image=&#8221;off&#8221; _builder_version=&#8221;4.16&#8243; _module_preset=&#8221;default&#8221; title_text_color=&#8221;#00c4de&#8221; title_font_size=&#8221;44px&#8221; global_colors_info=&#8221;{}&#8221;][\/et_pb_post_title][et_pb_code _builder_version=&#8221;4.16&#8243; _module_preset=&#8221;default&#8221; global_colors_info=&#8221;{}&#8221;]<div class=\"newspage-featured-post clearfix\">\n\n\t<div class=\"picholder\" style=\"background-color: rgb(0, 0, 0);\">\n\n\t<img data-ot-ignore data-ot-ignore decoding=\"async\" src=\"http:\/\/kambi.com\/wp-content\/uploads\/2024\/07\/Kambi-Sports-book-On-mobile-2-1-1.jpg\" class=\"img-fluid\" style=\"opacity: 0.8;\" alt=\"\" title=\"\">\n\n\t<\/div>\n\n\t<div class=\"featured-right\">\n\n\t<h2>Cinco factores de riesgo y cumplimiento normativo que los operadores deben considerar en Latinoam\u00e9rica <\/h2>\n\n\t<div class=\"featured-article-content clearfix\">     \n\n            <div><\/div><a href=\"https:\/\/www.kambi.com\/es\/articulos-y-noticias\/cinco-factores-de-riesgo-y-cumplimiento-normativo-que-los-operadores-deben-considerar-en-latinoamerica\/\" class=\"coh-link\">Lee mas<\/a><\/div>\n\n\t<\/div>\n\n\t<\/div>[\/et_pb_code][\/et_pb_column][et_pb_column type=&#8221;1_4&#8243; module_class=&#8221;news-sidebar&#8221; _builder_version=&#8221;4.16&#8243; _module_preset=&#8221;default&#8221; global_colors_info=&#8221;{}&#8221;][et_pb_text module_class=&#8221;newspage-social clearfix&#8221; _builder_version=&#8221;4.16&#8243; _module_preset=&#8221;default&#8221; custom_css_main_element=&#8221;margin-bottom: -19px !important;&#8221; global_colors_info=&#8221;{}&#8221; custom_css_main_element_last_edited=&#8221;on|tablet&#8221; custom_css_main_element_tablet=&#8221;margin-bottom: 0px !important;&#8221; custom_css_main_element_phone=&#8221;margin-bottom: 0px !important;&#8221;]<\/p>\n<p style=\"display:none;\"><a href=\"https:\/\/www.facebook.com\/KambiSports\" title=\"Kambi Facebook\" class=\"social-link social-facebook\" target=\"_blank\" rel=\"noopener\"> <\/a><a href=\"https:\/\/twitter.com\/KambiSports\" title=\"Kambi Twitter\" class=\"social-link social-twitter\" target=\"_blank\" rel=\"noopener\"> <\/a><a href=\"https:\/\/www.linkedin.com\/company\/kambi\" title=\"Kambi Linkedin\" class=\"social-link social-linkedin\" target=\"_blank\" rel=\"noopener\"> <\/a><a href=\"https:\/\/vimeo.com\/user59414406\" title=\"Kambi Vimeo\" class=\"social-link social-vimeo\" target=\"_blank\" rel=\"noopener\"> <\/a><a href=\"https:\/\/www.glassdoor.co.uk\/Overview\/Working-at-Kambi-EI_IE575813.11,16.htm\" title=\"Kambi Glassdoor\" class=\"social-link social-glassdoor\" target=\"_blank\" rel=\"noopener\"> <\/a><a href=\"https:\/\/www.instagram.com\/wearekambi\/\" title=\"Kambi Instagram\" class=\"social-link social-instagram\" target=\"_blank\" rel=\"noopener\"> <\/a><\/p>\n<p>[\/et_pb_text][\/et_pb_column][\/et_pb_row][\/et_pb_section][et_pb_section fb_built=&#8221;1&#8243; _builder_version=&#8221;4.16&#8243; _module_preset=&#8221;default&#8221; custom_padding=&#8221;20px||0px||false|false&#8221; global_colors_info=&#8221;{}&#8221;][et_pb_row column_structure=&#8221;3_4,1_4&#8243; _builder_version=&#8221;4.16&#8243; _module_preset=&#8221;default&#8221; max_width=&#8221;1300px&#8221; custom_padding=&#8221;0px||0px||false|false&#8221; global_colors_info=&#8221;{}&#8221;][et_pb_column type=&#8221;3_4&#8243; _builder_version=&#8221;4.16&#8243; _module_preset=&#8221;default&#8221; custom_css_main_element=&#8221;margin-right: 30px !important;&#8221; global_colors_info=&#8221;{}&#8221; custom_css_main_element_last_edited=&#8221;on|phone&#8221; custom_css_main_element_tablet=&#8221;margin-right: 0px !important;&#8221; custom_css_main_element_phone=&#8221;margin-right: 30px !important;&#8221;][et_pb_code _builder_version=&#8221;4.16&#8243; _module_preset=&#8221;default&#8221; global_colors_info=&#8221;{}&#8221;]<div class=\"news-page-grid\"><div class=\"post-data-row\">\n\n\t\t\t\t\t<div class=\"post-data-row-inner\">\n\n\t\t\t\t\t\t<img data-ot-ignore data-ot-ignore decoding=\"async\" src=\"http:\/\/kambi.com\/wp-content\/uploads\/2024\/09\/Partner-announcement-366x193-3.png\" alt=\"\" title=\"\">\n\n\t\t\t\t\t\t<div class=\"colored-row\">\n\n\t\t\t\t\t\t\t<div class=\"post-meta-slider\">\n\n\t\t\t\t\t\t\t\t<p class=\"date-text\">12. 09 2024<\/p><p class=\"cat-text\">Art\u00edculo<\/p>\n\n\t\t\t\t\t\t\t<\/div>\n\n\t\t\t\t\t\t\t<h4><a href=\"https:\/\/www.kambi.com\/es\/articulos-y-noticias\/informe-de-la-eurocopa-y-copa-america\/\" tabindex=\"-1\">Informe de la Eurocopa y la Copa Am\u00e9rica<\/a><\/h4>\n\n\t\t\t\t\t\t\t<p class=\"excerpt-text\">Kambi ha publicado su \u00faltimo informe estad\u00edstico que examina la actividad de apuestas durante la Eurocopa y la Copa Am\u00e9rica de 2024.<\/p><a href=\"https:\/\/www.kambi.com\/es\/articulos-y-noticias\/informe-de-la-eurocopa-y-copa-america\/\" class=\"home-post-link\" tabindex=\"-1\">Lee mas<\/a><\/div>\n\n\t\t\t\t\t<\/div>\n\n\t\t\t\t<\/div><div class=\"post-data-row\">\n\n\t\t\t\t\t<div class=\"post-data-row-inner\">\n\n\t\t\t\t\t\t<img data-ot-ignore data-ot-ignore decoding=\"async\" src=\"http:\/\/kambi.com\/wp-content\/uploads\/2024\/06\/shutterstock_2467449857.jpg\" alt=\"\" title=\"\">\n\n\t\t\t\t\t\t<div class=\"colored-row\">\n\n\t\t\t\t\t\t\t<div class=\"post-meta-slider\">\n\n\t\t\t\t\t\t\t\t<p class=\"date-text\">25. 06 2024<\/p><p class=\"cat-text\">Art\u00edculo<\/p>\n\n\t\t\t\t\t\t\t<\/div>\n\n\t\t\t\t\t\t\t<h4><a href=\"https:\/\/www.kambi.com\/es\/articulos-y-noticias\/la-copa-america-ofrece-una-gran-oportunidad-para-las-apuestas-de-futbol\/\" tabindex=\"-1\">La Copa Am\u00e9rica ofrece una gran oportunidad p...<\/a><\/h4>\n\n\t\t\t\t\t\t\t<p class=\"excerpt-text\">Durante el inicio del torneo, Kambi US habl\u00f3 con SBC Americas sobre la estrategia y los planes del proveedor de plataforma para la Copa Am\u00e9rica 2024.<\/p><a href=\"https:\/\/www.kambi.com\/es\/articulos-y-noticias\/la-copa-america-ofrece-una-gran-oportunidad-para-las-apuestas-de-futbol\/\" class=\"home-post-link\" tabindex=\"-1\">Lee mas<\/a><\/div>\n\n\t\t\t\t\t<\/div>\n\n\t\t\t\t<\/div><div class=\"post-data-row\">\n\n\t\t\t\t\t<div class=\"post-data-row-inner\">\n\n\t\t\t\t\t\t<img data-ot-ignore data-ot-ignore decoding=\"async\" src=\"http:\/\/kambi.com\/wp-content\/uploads\/2024\/06\/Olimpo-bet_2024.png\" alt=\"\" title=\"\">\n\n\t\t\t\t\t\t<div class=\"colored-row\">\n\n\t\t\t\t\t\t\t<div class=\"post-meta-slider\">\n\n\t\t\t\t\t\t\t\t<p class=\"date-text\">03. 06 2024<\/p><p class=\"cat-text\">Noticias<\/p>\n\n\t\t\t\t\t\t\t<\/div>\n\n\t\t\t\t\t\t\t<h4><a href=\"https:\/\/www.kambi.com\/es\/articulos-y-noticias\/kambi-amplia-su-colaboracion-en-el-campo-de-las-apuestas-deportivas-con-olimpobet-propiedad-de-ng-gaming-para-fortalecer-asi-su-presencia-en-latinoamerica\/\" tabindex=\"-1\">Kambi ampl\u00eda su colaboraci\u00f3n en el campo de l...<\/a><\/h4>\n\n\t\t\t\t\t\t\t<p class=\"excerpt-text\">Se renueva as\u00ed una alianza surgida en 2021 con la que el operador Olimpo.bet seguir\u00e1 aprovechando las apuestas deportivas de Kambi, l\u00edderes del mercado<\/p><a href=\"https:\/\/www.kambi.com\/es\/articulos-y-noticias\/kambi-amplia-su-colaboracion-en-el-campo-de-las-apuestas-deportivas-con-olimpobet-propiedad-de-ng-gaming-para-fortalecer-asi-su-presencia-en-latinoamerica\/\" class=\"home-post-link\" tabindex=\"-1\">Lee mas<\/a><\/div>\n\n\t\t\t\t\t<\/div>\n\n\t\t\t\t<\/div><\/div><nav class=\"pager\" role=\"navigation\" aria-labelledby=\"pagination-heading newspage-pagination\">\n\n\t\t\t<ul class=\"pager__items js-pager__items\"><li class=\"pager__item is-active\"><a href=\"javascript:void(0);\">1<\/a><\/li><li class=\"pager__item \"><a href=\"https:\/\/www.kambi.com\/es\/articulos-y-noticias?pageNo=2\">2<\/a><\/li><li class=\"pager__item \"><a href=\"https:\/\/www.kambi.com\/es\/articulos-y-noticias?pageNo=3\">3<\/a><\/li><li class=\"pager__item \"><a href=\"https:\/\/www.kambi.com\/es\/articulos-y-noticias?pageNo=4\">4<\/a><\/li><li class=\"pager__item \"><a href=\"https:\/\/www.kambi.com\/es\/articulos-y-noticias?pageNo=5\">5<\/a><\/li><li class=\"pager__item first-page-link\"><a href=\"https:\/\/www.kambi.com\/es\/articulos-y-noticias?pageNo=2\"> &rsaquo;<\/a><\/li><li class=\"pager__item prev-page-link\"><a href=\"https:\/\/www.kambi.com\/es\/articulos-y-noticias?pageNo=5\"> &raquo; <\/a><\/li><\/ul>\n\n\t\t\t<\/nav>[\/et_pb_code][\/et_pb_column][et_pb_column type=&#8221;1_4&#8243; module_class=&#8221;news-sidebar&#8221; _builder_version=&#8221;4.16&#8243; _module_preset=&#8221;default&#8221; global_colors_info=&#8221;{}&#8221;][et_pb_code _builder_version=&#8221;4.19.0&#8243; _module_preset=&#8221;default&#8221; background_color=&#8221;#ffa300&#8243; module_alignment=&#8221;center&#8221; custom_margin=&#8221;20px|||20px|false|false&#8221; custom_padding=&#8221;20px|||20px|false|false&#8221; global_colors_info=&#8221;{}&#8221;]<script charset=\"utf-8\" type=\"text\/javascript\" src=\"\/\/js-eu1.hsforms.net\/forms\/embed\/v2.js\"><\/script><!-- [et_pb_line_break_holder] --><script><!-- [et_pb_line_break_holder] -->  hbspt.forms.create({<!-- [et_pb_line_break_holder] -->    region: \"eu1\",<!-- [et_pb_line_break_holder] -->    portalId: \"26165901\",<!-- [et_pb_line_break_holder] -->    formId: \"5c2dc0d2-f3b6-4eec-8ff3-e7c81cf46f39\"<!-- [et_pb_line_break_holder] -->  });<!-- [et_pb_line_break_holder] --><\/script>[\/et_pb_code][\/et_pb_column][\/et_pb_row][\/et_pb_section][et_pb_section fb_built=&#8221;1&#8243; _builder_version=&#8221;4.16&#8243; _module_preset=&#8221;default&#8221; global_colors_info=&#8221;{}&#8221;][et_pb_row column_structure=&#8221;3_4,1_4&#8243; _builder_version=&#8221;4.16&#8243; _module_preset=&#8221;default&#8221; max_width=&#8221;1300px&#8221; custom_padding=&#8221;0px||0px||false|false&#8221; global_colors_info=&#8221;{}&#8221;][et_pb_column type=&#8221;3_4&#8243; _builder_version=&#8221;4.16&#8243; _module_preset=&#8221;default&#8221; use_background_color_gradient=&#8221;on&#8221; background_color_gradient_stops=&#8221;#004572 75%|rgba(0,0,0,0) 75%&#8221; background_color_gradient_start=&#8221;#004572&#8243; background_color_gradient_start_position=&#8221;75%&#8221; background_color_gradient_end=&#8221;rgba(0,0,0,0)&#8221; background_color_gradient_end_position=&#8221;0%&#8221; global_colors_info=&#8221;{}&#8221;][et_pb_text _builder_version=&#8221;4.16&#8243; _module_preset=&#8221;default&#8221; text_text_color=&#8221;#FFFFFF&#8221; header_text_color=&#8221;#FFFFFF&#8221; header_2_text_color=&#8221;#FFFFFF&#8221; custom_padding=&#8221;50px|50px||50px|false|false&#8221; custom_padding_tablet=&#8221;30px|30px||30px|false|false&#8221; custom_padding_phone=&#8221;20px|20px||20px|false|false&#8221; custom_padding_last_edited=&#8221;on|phone&#8221; global_colors_info=&#8221;{}&#8221;]<\/p>\n<h2>Kambi\u2019s Festival of Sportsbook<\/h2>\n<p><span lang=\"es\">Kambi\u2019s Festival of Sportsbook fue un evento virtual que se desarroll\u00f3 durante una <u><\/u><u><\/u><\/span><span lang=\"es\">semana del 15 al 19 de marzo 2021. El programa incluy\u00f3 diversos temas como la fortaleza <u><\/u><u><\/u><\/span><span lang=\"es\">de la red de los asociados a Kambi y los cambios regulatorios en Canad\u00e1 y Europa.<\/span><\/p>\n<p>[\/et_pb_text][et_pb_video src=&#8221;http:\/\/kambi.com\/wp-content\/uploads\/2024\/05\/kambis_festival_of_sportsbook_2023-1080p.mp4&#8243; image_src=&#8221;\/\/i.vimeocdn.com\/video\/1095459712-5c902a00abb1f76baed1f646d1db88a499b01a496d8c10ad12abe55a94b1927c-d_960&#8243; _builder_version=&#8221;4.21.0&#8243; _module_preset=&#8221;default&#8221; hover_enabled=&#8221;0&#8243; custom_css_main_element=&#8221;max-width: 864px;||margin: 0 auto;&#8221; border_radii=&#8221;on|2px|2px|2px|2px&#8221; border_width_all=&#8221;2px&#8221; border_color_all=&#8221;#00c4de&#8221; global_colors_info=&#8221;{}&#8221; title_text=&#8221;kambi&#8217;s_festival_of_sportsbook_2023 (1080p)&#8221; sticky_enabled=&#8221;0&#8243;][\/et_pb_video][\/et_pb_column][et_pb_column type=&#8221;1_4&#8243; _builder_version=&#8221;4.16&#8243; _module_preset=&#8221;default&#8221; global_colors_info=&#8221;{}&#8221;][\/et_pb_column][\/et_pb_row][\/et_pb_section]<\/p>\n","protected":false},"excerpt":{"rendered":"<p><div class=\"newspage-featured-post clearfix\">\n\n\t<div class=\"picholder\" style=\"background-color: rgb(0, 0, 0);\">\n\n\t<img data-ot-ignore decoding=\"async\" src=\"http:\/\/kambi.com\/wp-content\/uploads\/2024\/07\/Kambi-Sports-book-On-mobile-2-1-1.jpg\" class=\"img-fluid\" style=\"opacity: 0.8;\">\n\n\t<\/div>\n\n\t<div class=\"featured-right\">\n\n\t<h2>Cinco factores de riesgo y cumplimiento normativo que los operadores deben considerar en Latinoam\u00e9rica <\/h2>\n\n\t<div class=\"featured-article-content clearfix\">     \n\n            <div><\/div><a href=\"https:\/\/www.kambi.com\/es\/articulos-y-noticias\/cinco-factores-de-riesgo-y-cumplimiento-normativo-que-los-operadores-deben-considerar-en-latinoamerica\/\" class=\"coh-link\">Lee mas<\/a><\/div>\n\n\t<\/div>\n\n\t<\/div> <div class=\"news-page-grid\"><div class=\"post-data-row\">\n\n\t\t\t\t\t<div class=\"post-data-row-inner\">\n\n\t\t\t\t\t\t<img data-ot-ignore decoding=\"async\" src=\"http:\/\/kambi.com\/wp-content\/uploads\/2024\/09\/Partner-announcement-366x193-3.png\">\n\n\t\t\t\t\t\t<div class=\"colored-row\">\n\n\t\t\t\t\t\t\t<div class=\"post-meta-slider\">\n\n\t\t\t\t\t\t\t\t<p class=\"date-text\">12. 09 2024<\/p><p class=\"cat-text\">Art\u00edculo<\/p>\n\n\t\t\t\t\t\t\t<\/div>\n\n\t\t\t\t\t\t\t<h4><a href=\"https:\/\/www.kambi.com\/es\/articulos-y-noticias\/informe-de-la-eurocopa-y-copa-america\/\" tabindex=\"-1\">Informe de la Eurocopa y la Copa Am\u00e9rica<\/a><\/h4>\n\n\t\t\t\t\t\t\t<p class=\"excerpt-text\">Kambi ha publicado su \u00faltimo informe estad\u00edstico que examina la actividad de apuestas durante la Eurocopa y la Copa Am\u00e9rica de 2024.<\/p><a href=\"https:\/\/www.kambi.com\/es\/articulos-y-noticias\/informe-de-la-eurocopa-y-copa-america\/\" class=\"home-post-link\" tabindex=\"-1\">Lee mas<\/a><\/div>\n\n\t\t\t\t\t<\/div>\n\n\t\t\t\t<\/div><div class=\"post-data-row\">\n\n\t\t\t\t\t<div class=\"post-data-row-inner\">\n\n\t\t\t\t\t\t<img data-ot-ignore decoding=\"async\" src=\"http:\/\/kambi.com\/wp-content\/uploads\/2024\/06\/shutterstock_2467449857.jpg\">\n\n\t\t\t\t\t\t<div class=\"colored-row\">\n\n\t\t\t\t\t\t\t<div class=\"post-meta-slider\">\n\n\t\t\t\t\t\t\t\t<p class=\"date-text\">25. 06 2024<\/p><p class=\"cat-text\">Art\u00edculo<\/p>\n\n\t\t\t\t\t\t\t<\/div>\n\n\t\t\t\t\t\t\t<h4><a href=\"https:\/\/www.kambi.com\/es\/articulos-y-noticias\/la-copa-america-ofrece-una-gran-oportunidad-para-las-apuestas-de-futbol\/\" tabindex=\"-1\">La Copa Am\u00e9rica ofrece una gran oportunidad p...<\/a><\/h4>\n\n\t\t\t\t\t\t\t<p class=\"excerpt-text\">Durante el inicio del torneo, Kambi US habl\u00f3 con SBC Americas sobre la estrategia y los planes del proveedor de plataforma para la Copa Am\u00e9rica 2024.<\/p><a href=\"https:\/\/www.kambi.com\/es\/articulos-y-noticias\/la-copa-america-ofrece-una-gran-oportunidad-para-las-apuestas-de-futbol\/\" class=\"home-post-link\" tabindex=\"-1\">Lee mas<\/a><\/div>\n\n\t\t\t\t\t<\/div>\n\n\t\t\t\t<\/div><div class=\"post-data-row\">\n\n\t\t\t\t\t<div class=\"post-data-row-inner\">\n\n\t\t\t\t\t\t<img data-ot-ignore decoding=\"async\" src=\"http:\/\/kambi.com\/wp-content\/uploads\/2024\/06\/Olimpo-bet_2024.png\">\n\n\t\t\t\t\t\t<div class=\"colored-row\">\n\n\t\t\t\t\t\t\t<div class=\"post-meta-slider\">\n\n\t\t\t\t\t\t\t\t<p class=\"date-text\">03. 06 2024<\/p><p class=\"cat-text\">Noticias<\/p>\n\n\t\t\t\t\t\t\t<\/div>\n\n\t\t\t\t\t\t\t<h4><a href=\"https:\/\/www.kambi.com\/es\/articulos-y-noticias\/kambi-amplia-su-colaboracion-en-el-campo-de-las-apuestas-deportivas-con-olimpobet-propiedad-de-ng-gaming-para-fortalecer-asi-su-presencia-en-latinoamerica\/\" tabindex=\"-1\">Kambi ampl\u00eda su colaboraci\u00f3n en el campo de l...<\/a><\/h4>\n\n\t\t\t\t\t\t\t<p class=\"excerpt-text\">Se renueva as\u00ed una alianza surgida en 2021 con la que el operador Olimpo.bet seguir\u00e1 aprovechando las apuestas deportivas de Kambi, l\u00edderes del mercado<\/p><a href=\"https:\/\/www.kambi.com\/es\/articulos-y-noticias\/kambi-amplia-su-colaboracion-en-el-campo-de-las-apuestas-deportivas-con-olimpobet-propiedad-de-ng-gaming-para-fortalecer-asi-su-presencia-en-latinoamerica\/\" class=\"home-post-link\" tabindex=\"-1\">Lee mas<\/a><\/div>\n\n\t\t\t\t\t<\/div>\n\n\t\t\t\t<\/div><\/div><nav class=\"pager\" role=\"navigation\" aria-labelledby=\"pagination-heading newspage-pagination\">\n\n\t\t\t<ul class=\"pager__items js-pager__items\"><li class=\"pager__item is-active\"><a href=\"javascript:void(0);\">1<\/a><\/li><li class=\"pager__item \"><a href=\"https:\/\/www.kambi.com\/es\/articulos-y-noticias?pageNo=2\">2<\/a><\/li><li class=\"pager__item \"><a href=\"https:\/\/www.kambi.com\/es\/articulos-y-noticias?pageNo=3\">3<\/a><\/li><li class=\"pager__item \"><a href=\"https:\/\/www.kambi.com\/es\/articulos-y-noticias?pageNo=4\">4<\/a><\/li><li class=\"pager__item \"><a href=\"https:\/\/www.kambi.com\/es\/articulos-y-noticias?pageNo=5\">5<\/a><\/li><li class=\"pager__item first-page-link\"><a href=\"https:\/\/www.kambi.com\/es\/articulos-y-noticias?pageNo=2\"> &rsaquo;<\/a><\/li><li class=\"pager__item prev-page-link\"><a href=\"https:\/\/www.kambi.com\/es\/articulos-y-noticias?pageNo=5\"> &raquo; <\/a><\/li><\/ul>\n\n\t\t\t<\/nav>Kambi\u2019s Festival of Sportsbook Kambi\u2019s Festival of Sportsbook fue un evento virtual que se desarroll\u00f3 durante una semana del 15 al 19 de marzo 2021. El programa incluy\u00f3 diversos temas como la fortaleza de la red de los asociados a Kambi y los cambios regulatorios en Canad\u00e1 y Europa.<\/p>\n","protected":false},"author":1,"featured_media":0,"parent":0,"menu_order":0,"comment_status":"closed","ping_status":"closed","template":"","meta":{"_acf_changed":false,"_et_pb_use_builder":"on","_et_pb_old_content":"","_et_gb_content_width":"","footnotes":""},"class_list":["post-9959","page","type-page","status-publish","hentry"],"acf":[],"_links":{"self":[{"href":"https:\/\/www.kambi.com\/es\/wp-json\/wp\/v2\/pages\/9959","targetHints":{"allow":["GET"]}}],"collection":[{"href":"https:\/\/www.kambi.com\/es\/wp-json\/wp\/v2\/pages"}],"about":[{"href":"https:\/\/www.kambi.com\/es\/wp-json\/wp\/v2\/types\/page"}],"author":[{"embeddable":true,"href":"https:\/\/www.kambi.com\/es\/wp-json\/wp\/v2\/users\/1"}],"replies":[{"embeddable":true,"href":"https:\/\/www.kambi.com\/es\/wp-json\/wp\/v2\/comments?post=9959"}],"version-history":[{"count":0,"href":"https:\/\/www.kambi.com\/es\/wp-json\/wp\/v2\/pages\/9959\/revisions"}],"wp:attachment":[{"href":"https:\/\/www.kambi.com\/es\/wp-json\/wp\/v2\/media?parent=9959"}],"curies":[{"name":"wp","href":"https:\/\/api.w.org\/{rel}","templated":true}]}}