{"id":9945,"date":"2020-03-09T06:17:15","date_gmt":"2020-03-09T06:17:15","guid":{"rendered":"https:\/\/www.kambi.com\/life-at-kambi\/"},"modified":"2025-11-27T11:44:35","modified_gmt":"2025-11-27T11:44:35","slug":"quien-es-kambi","status":"publish","type":"page","link":"https:\/\/www.kambi.com\/es\/quien-es-kambi\/","title":{"rendered":"Quien es Kambi"},"content":{"rendered":"<p>[et_pb_section fb_built=&#8221;1&#8243; _builder_version=&#8221;4.17.6&#8243; _module_preset=&#8221;default&#8221; background_enable_color=&#8221;off&#8221; background_image=&#8221;http:\/\/kambi.com\/wp-content\/uploads\/2022\/09\/Headline-banners-website-2-2-scaled.jpg&#8221; custom_css_before=&#8221;content: &#8221;;||position: absolute;||top: 0;||left: 0;||width: 100%;||height: 100%;||background-color: rgba(0,0,0,0.3);&#8221; global_colors_info=&#8221;{}&#8221;][et_pb_row custom_padding_last_edited=&#8221;on|phone&#8221; _builder_version=&#8221;4.16&#8243; _module_preset=&#8221;default&#8221; width=&#8221;90%&#8221; max_width=&#8221;1273px&#8221; custom_padding=&#8221;200px||200px||true|false&#8221; custom_padding_tablet=&#8221;70px||70px||true|false&#8221; custom_padding_phone=&#8221;50px||50px||true|false&#8221; global_colors_info=&#8221;{}&#8221;][et_pb_column type=&#8221;4_4&#8243; _builder_version=&#8221;4.16&#8243; _module_preset=&#8221;default&#8221; global_colors_info=&#8221;{}&#8221;][et_pb_text _builder_version=&#8221;4.16&#8243; _module_preset=&#8221;default&#8221; header_text_color=&#8221;#FFFFFF&#8221; custom_margin=&#8221;||20px||false|false&#8221; global_colors_info=&#8221;{}&#8221;]<\/p>\n<h1>La experiencia Kambi<\/h1>\n<p>[\/et_pb_text][\/et_pb_column][\/et_pb_row][\/et_pb_section][et_pb_section fb_built=&#8221;1&#8243; custom_padding_last_edited=&#8221;on|tablet&#8221; _builder_version=&#8221;4.16&#8243; _module_preset=&#8221;default&#8221; custom_padding_tablet=&#8221;||0px||false|false&#8221; custom_padding_phone=&#8221;&#8221; global_colors_info=&#8221;{}&#8221;][et_pb_row _builder_version=&#8221;4.16&#8243; _module_preset=&#8221;default&#8221; width=&#8221;90%&#8221; max_width=&#8221;1273px&#8221; global_colors_info=&#8221;{}&#8221;][et_pb_column type=&#8221;4_4&#8243; _builder_version=&#8221;4.16&#8243; _module_preset=&#8221;default&#8221; global_colors_info=&#8221;{}&#8221;][et_pb_text _builder_version=&#8221;4.27.4&#8243; _module_preset=&#8221;default&#8221; header_text_color=&#8221;#00c4de&#8221; text_orientation=&#8221;center&#8221; max_width_tablet=&#8221;100%&#8221; max_width_phone=&#8221;100%&#8221; max_width_last_edited=&#8221;on|phone&#8221; module_alignment=&#8221;left&#8221; hover_enabled=&#8221;0&#8243; global_colors_info=&#8221;{}&#8221; sticky_enabled=&#8221;0&#8243;]<\/p>\n<h2 class=\"cc-center-text\" style=\"text-align: left;\">Su socio de apuestas deportivas de primera<\/h2>\n<p class=\"cc-center-text\" style=\"text-align: left;\">Kambi es el proveedor independiente l\u00edder en tecnolog\u00eda y servicios de apuestas deportivas de primera para la industria mundial regulada de apuestas y juegos.<\/p>\n<p class=\"cc-center-text\" style=\"text-align: left;\">Con m\u00e1s de diez a\u00f1os de experiencia brindando servicios de apuestas deportivas a operadores en seis continentes, Kambi se ha posicionado como el socio elegido por las casas de apuestas deportivas con ambici\u00f3n, asoci\u00e1ndose con organizaciones visionarias como BetPlay, BetWarrior, Casino Magic, Kindred Group, Olimpo.Bet y Rush Street Interactive.<\/p>\n<p class=\"cc-center-text\" style=\"text-align: left;\">[\/et_pb_text][\/et_pb_column][\/et_pb_row][et_pb_row _builder_version=&#8221;4.16&#8243; _module_preset=&#8221;default&#8221; width=&#8221;90%&#8221; custom_margin=&#8221;|auto|||false|false&#8221; custom_padding=&#8221;|||0px||&#8221; global_colors_info=&#8221;{}&#8221;][et_pb_column type=&#8221;4_4&#8243; _builder_version=&#8221;4.16&#8243; _module_preset=&#8221;default&#8221; global_colors_info=&#8221;{}&#8221;][et_pb_image src=&#8221;http:\/\/kambi.com\/wp-content\/uploads\/2022\/03\/MicrosoftTeams-image-37.png&#8221; title_text=&#8221;MicrosoftTeams-image (37)&#8221; align=&#8221;center&#8221; _builder_version=&#8221;4.16&#8243; _module_preset=&#8221;default&#8221; module_alignment=&#8221;center&#8221; custom_margin=&#8221;||||false|false&#8221; custom_padding=&#8221;||||false|false&#8221; global_colors_info=&#8221;{}&#8221;][\/et_pb_image][\/et_pb_column][\/et_pb_row][\/et_pb_section][et_pb_section fb_built=&#8221;1&#8243; _builder_version=&#8221;4.16&#8243; _module_preset=&#8221;default&#8221; custom_margin=&#8221;||55px||false|false&#8221; custom_padding=&#8221;0px||0px||false|false&#8221; global_colors_info=&#8221;{}&#8221;][et_pb_row _builder_version=&#8221;4.16&#8243; _module_preset=&#8221;default&#8221; width=&#8221;90%&#8221; max_width=&#8221;1273px&#8221; global_colors_info=&#8221;{}&#8221;][et_pb_column type=&#8221;4_4&#8243; _builder_version=&#8221;4.16&#8243; _module_preset=&#8221;default&#8221; global_colors_info=&#8221;{}&#8221;][et_pb_text _builder_version=&#8221;4.16&#8243; _module_preset=&#8221;default&#8221; header_text_color=&#8221;#004572&#8243; global_colors_info=&#8221;{}&#8221;]<\/p>\n<h1>Prestaci\u00f3n de un servicio integral<\/h1>\n<p>[\/et_pb_text][\/et_pb_column][\/et_pb_row][et_pb_row column_structure=&#8221;1_2,1_2&#8243; custom_padding_last_edited=&#8221;on|tablet&#8221; _builder_version=&#8221;4.16&#8243; _module_preset=&#8221;default&#8221; background_color=&#8221;RGBA(0,0,0,0)&#8221; width=&#8221;90%&#8221; max_width=&#8221;1273px&#8221; custom_margin=&#8221;||||false|false&#8221; custom_padding=&#8221;0px||0px||true|false&#8221; custom_padding_tablet=&#8221;||0px||false|false&#8221; custom_padding_phone=&#8221;||0px||false|false&#8221; global_colors_info=&#8221;{}&#8221;][et_pb_column type=&#8221;1_2&#8243; _builder_version=&#8221;4.16&#8243; _module_preset=&#8221;default&#8221; custom_padding=&#8221;0px||||false|false&#8221; global_colors_info=&#8221;{}&#8221;][et_pb_accordion _builder_version=&#8221;4.16&#8243; _module_preset=&#8221;default&#8221; width=&#8221;80%&#8221; width_tablet=&#8221;100%&#8221; width_phone=&#8221;&#8221; width_last_edited=&#8221;on|desktop&#8221; custom_margin=&#8221;0px||||false|false&#8221; custom_margin_tablet=&#8221;0px||||false|false&#8221; custom_margin_phone=&#8221;0px||||false|false&#8221; custom_margin_last_edited=&#8221;on|phone&#8221; custom_padding=&#8221;0px||||false|false&#8221; custom_css_toggle_content=&#8221;padding:22px&#8221; global_colors_info=&#8221;{}&#8221;][et_pb_accordion_item title=&#8221;Planeamos con anticipaci\u00f3n&#8221; open=&#8221;on&#8221; _builder_version=&#8221;4.16&#8243; _module_preset=&#8221;default&#8221; global_colors_info=&#8221;{}&#8221;]<\/p>\n<p>Desde el primer d\u00eda Kambi se encuentra disponible para proporcionar a sus socios apoyo esencial en todos y cada uno de los pasos, encarg\u00e1ndose del trabajo esencial, pero tedioso, lo cual les permite a nuestros socios enfocarse con total libertad, en la planificaci\u00f3n estrat\u00e9gica y las \u00e1reas que les proporcionan un grado de diferenciaci\u00f3n real.<\/p>\n<p>[\/et_pb_accordion_item][et_pb_accordion_item title=&#8221;Aportamos a expertos locales&#8221; _builder_version=&#8221;4.16&#8243; _module_preset=&#8221;default&#8221; global_colors_info=&#8221;{}&#8221; open=&#8221;off&#8221;]<\/p>\n<p>Kambi es el socio de apuestas deportivas premium de los operadores en la regi\u00f3n de Latinoam\u00e9rica, con el respaldo de nuestra posici\u00f3n en el mercado regulado de Colombia donde ofrecemos servicios a los l\u00edderes del mercado BetPlay y RushBet. Nos hemos asociado adem\u00e1s con otros operadores visionarios en Argentina y Per\u00fa.<\/p>\n<p>[\/et_pb_accordion_item][et_pb_accordion_item title=&#8221;Contamos con equipos de expertos locales&#8221; _builder_version=&#8221;4.16&#8243; _module_preset=&#8221;default&#8221; global_colors_info=&#8221;{}&#8221; open=&#8221;off&#8221;]<\/p>\n<p>La posici\u00f3n de liderazgo inigualable de Kambi en el mercado de apuestas deportivas en Am\u00e9rica del Sur est\u00e1 respaldada por un equipo de expertos globales de la industria que comprenden el mercado y que se encuentran disponibles para otorgarle el apoyo que usted necesita para convertirse en la casa de apuestas que desea ser.<\/p>\n<p>[\/et_pb_accordion_item][\/et_pb_accordion][\/et_pb_column][et_pb_column type=&#8221;1_2&#8243; _builder_version=&#8221;4.16&#8243; _module_preset=&#8221;default&#8221; background_color=&#8221;#ffa300&#8243; position_origin_r=&#8221;bottom_left&#8221; vertical_offset=&#8221;-7px&#8221; vertical_offset_tablet=&#8221;0px&#8221; vertical_offset_phone=&#8221;0px&#8221; vertical_offset_last_edited=&#8221;on|desktop&#8221; horizontal_offset_tablet=&#8221;0vw&#8221; horizontal_offset_phone=&#8221;0vw&#8221; horizontal_offset_last_edited=&#8221;on|desktop&#8221; custom_padding=&#8221;55px||55px||true|false&#8221; custom_padding_tablet=&#8221;0px||0px||false|false&#8221; custom_padding_phone=&#8221;&#8221; custom_padding_last_edited=&#8221;on|tablet&#8221; background_color_tablet=&#8221;RGBA(0,0,0,0)&#8221; background_last_edited=&#8221;on|tablet&#8221; background_enable_color_tablet=&#8221;on&#8221; custom_css_main_element=&#8221;box-shadow: 0 0 50px rgba(0, 0, 0, 0.2);||position: relative;&#8221; global_colors_info=&#8221;{}&#8221;][et_pb_image src=&#8221;http:\/\/kambi.com\/wp-content\/uploads\/2022\/03\/KambiBrewery-28-1-2-scaled-1.jpg&#8221; alt=&#8221;we-act-small&#8221; title_text=&#8221;KambiBrewery-28 (1) (2)&#8221; module_class=&#8221;zoom-images kambi-career-img&#8221; _builder_version=&#8221;4.16&#8243; _module_preset=&#8221;default&#8221; positioning=&#8221;relative&#8221; position_origin_r=&#8221;bottom_left&#8221; horizontal_offset=&#8221;-4vw&#8221; horizontal_offset_tablet=&#8221;0vw&#8221; horizontal_offset_phone=&#8221;&#8221; horizontal_offset_last_edited=&#8221;on|tablet&#8221; width=&#8221;100%&#8221; width_tablet=&#8221;100%&#8221; width_phone=&#8221;&#8221; width_last_edited=&#8221;on|desktop&#8221; max_width=&#8221;500px&#8221; max_width_tablet=&#8221;100%&#8221; max_width_phone=&#8221;&#8221; max_width_last_edited=&#8221;on|tablet&#8221; height_tablet=&#8221;&#8221; height_phone=&#8221;&#8221; height_last_edited=&#8221;on|tablet&#8221; max_height_tablet=&#8221;100%&#8221; max_height_phone=&#8221;&#8221; max_height_last_edited=&#8221;on|tablet&#8221; custom_css_main_element=&#8221;object-fit: cover;||width: 100%;&#8221; global_colors_info=&#8221;{}&#8221;][\/et_pb_image][\/et_pb_column][\/et_pb_row][\/et_pb_section][et_pb_section fb_built=&#8221;1&#8243; _builder_version=&#8221;4.16&#8243; _module_preset=&#8221;default&#8221; global_colors_info=&#8221;{}&#8221;][et_pb_row _builder_version=&#8221;4.16&#8243; _module_preset=&#8221;default&#8221; width=&#8221;90%&#8221; max_width=&#8221;1273px&#8221; custom_padding=&#8221;0px||0px||true|false&#8221; global_colors_info=&#8221;{}&#8221;][et_pb_column type=&#8221;4_4&#8243; _builder_version=&#8221;4.16&#8243; _module_preset=&#8221;default&#8221; global_colors_info=&#8221;{}&#8221;][\/et_pb_column][\/et_pb_row][et_pb_row _builder_version=&#8221;4.16&#8243; _module_preset=&#8221;default&#8221; width=&#8221;90%&#8221; max_width=&#8221;1273px&#8221; custom_padding=&#8221;0px||0px||true|false&#8221; global_colors_info=&#8221;{}&#8221;][et_pb_column type=&#8221;4_4&#8243; _builder_version=&#8221;4.16&#8243; _module_preset=&#8221;default&#8221; global_colors_info=&#8221;{}&#8221;][et_pb_text _builder_version=&#8221;4.16&#8243; _module_preset=&#8221;default&#8221; header_text_color=&#8221;#004572&#8243; global_colors_info=&#8221;{}&#8221;]<\/p>\n<h1>Tenemos la <span>tecnolog\u00eda para que tenga \u00e9xito<\/span><\/h1>\n<p>[\/et_pb_text][wdcl_image_carousel is_autoplay=&#8221;off&#8221; slide_count=&#8221;2&#8243; arrow_icon_size=&#8221;50px&#8221; arrow_color=&#8221;#00c4de&#8221; arrow_bg=&#8221;RGBA(0,0,0,0)&#8221; arrow_pos_x=&#8221;-41px&#8221; slide_count_tablet=&#8221;1&#8243; slide_count_phone=&#8221;&#8221; slide_count_last_edited=&#8221;on|tablet&#8221; module_class=&#8221;service-slider-sp&#8221; _builder_version=&#8221;4.16&#8243; _module_preset=&#8221;d37d3a28-bfe8-4cd4-8417-cff06ed189d1&#8243; background_color=&#8221;RGBA(0,0,0,0)&#8221; custom_padding=&#8221;20px||20px||true|false&#8221; global_colors_info=&#8221;{}&#8221;][wdcl_image_carousel_child photo=&#8221;http:\/\/kambi.com\/wp-content\/uploads\/2022\/03\/service-4.png&#8221; title=&#8221;Experiencia a nivel regional&#8221; sub_title=&#8221;Kambi dispone de un creciente equipo de m\u00e1s de 900 empleados distribuidos en sus siete oficinas, incluyendo un equipo local en Am\u00e9rica del Sur que cuenta con especialistas que saben c\u00f3mo crear experiencias de apuestas deportivas l\u00edderes de mercado para los apostantes.&#8221; content_type=&#8221;normal&#8221; content_bg_color=&#8221;#FFFFFF&#8221; _builder_version=&#8221;4.16&#8243; _module_preset=&#8221;default&#8221; title_level=&#8221;h3&#8243; subtitle_level=&#8221;h5&#8243; custom_padding=&#8221;25px|25px|15px|25px|false|true&#8221; global_colors_info=&#8221;{}&#8221;][\/wdcl_image_carousel_child][wdcl_image_carousel_child photo=&#8221;http:\/\/kambi.com\/wp-content\/uploads\/2022\/03\/Red-mas-grande.png&#8221; title=&#8221;La red mundial m\u00e1s grande&#8221; sub_title=&#8221;Kambi es el socio independiente l\u00edder en apuestas deportivas de m\u00e1s de 30 operadores visionarios en todo el mundo. Hemos aunado recursos y datos para crear la red de apuestas deportivas m\u00e1s potente para beneficio de todos sus socios, desde las transacciones hasta la gesti\u00f3n de riesgos, pasando por la oferta y el desarrollo de productos.&#8221; content_type=&#8221;normal&#8221; content_bg_color=&#8221;#FFFFFF&#8221; _builder_version=&#8221;4.16&#8243; _module_preset=&#8221;default&#8221; title_level=&#8221;h3&#8243; subtitle_level=&#8221;h5&#8243; custom_padding=&#8221;25px|25px|15px|25px|false|true&#8221; global_colors_info=&#8221;{}&#8221;][\/wdcl_image_carousel_child][wdcl_image_carousel_child photo=&#8221;http:\/\/kambi.com\/wp-content\/uploads\/2022\/03\/service-3.png&#8221; title=&#8221;Historial probado de \u00e9xito en establecimientos&#8221; sub_title=&#8221;Si bien el canal principal de Kambi es la red, hemos apoyado el lanzamiento de docenas de establecimientos de casas de apuestas y tenemos como objetivo proporcionar a los socios de establecimientos las mismas opciones de juego a la misma velocidad y con la misma variedad que a los socios digitales.&#8221; content_type=&#8221;normal&#8221; content_bg_color=&#8221;#FFFFFF&#8221; _builder_version=&#8221;4.16&#8243; _module_preset=&#8221;default&#8221; title_level=&#8221;h3&#8243; subtitle_level=&#8221;h5&#8243; custom_padding=&#8221;25px|25px|15px|25px|false|true&#8221; global_colors_info=&#8221;{}&#8221;][\/wdcl_image_carousel_child][wdcl_image_carousel_child photo=&#8221;http:\/\/kambi.com\/wp-content\/uploads\/2022\/03\/service-2.png&#8221; title=&#8221;Un producto creado por apostantes&#8221; sub_title=&#8221;Kambi fue fundada por un equipo pasionado de apostantes deportivos que aman los deportes. Unidos por el objetivo com\u00fan de crear  y prestar mejores experiencias de apuestas deportivas l\u00edderes en el mercado, el producto central  de apuestas deportivas basado en datos de Kambi ha sido galardonado con numerosos premios de la  industria por su tecnolog\u00eda flexible que adem\u00e1s                                                                               act\u00faa como incubadora para la innovaci\u00f3n y diferenciaci\u00f3n de los operadores.&#8221; content_type=&#8221;normal&#8221; content_bg_color=&#8221;#FFFFFF&#8221; _builder_version=&#8221;4.16&#8243; _module_preset=&#8221;default&#8221; title_level=&#8221;h3&#8243; subtitle_level=&#8221;h5&#8243; custom_padding=&#8221;25px|25px|15px|25px|false|true&#8221; global_colors_info=&#8221;{}&#8221;][\/wdcl_image_carousel_child][\/wdcl_image_carousel][\/et_pb_column][\/et_pb_row][\/et_pb_section][et_pb_section fb_built=&#8221;1&#8243; _builder_version=&#8221;4.16&#8243; _module_preset=&#8221;default&#8221; custom_padding=&#8221;0px||4px||false|false&#8221; global_colors_info=&#8221;{}&#8221;][et_pb_row _builder_version=&#8221;4.16&#8243; _module_preset=&#8221;default&#8221; width=&#8221;90%&#8221; max_width=&#8221;1273px&#8221; custom_padding=&#8221;0px||0px||true|false&#8221; global_colors_info=&#8221;{}&#8221;][et_pb_column type=&#8221;4_4&#8243; _builder_version=&#8221;4.16&#8243; _module_preset=&#8221;default&#8221; global_colors_info=&#8221;{}&#8221;][et_pb_text _builder_version=&#8221;4.16&#8243; _module_preset=&#8221;default&#8221; header_text_color=&#8221;#00c4de&#8221; global_colors_info=&#8221;{}&#8221;]<\/p>\n<h1>Sabemos qu\u00e9 es lo que se necesita<\/h1>\n<p>[\/et_pb_text][wdcl_image_carousel is_autoplay=&#8221;off&#8221; slide_count=&#8221;2&#8243; arrow_icon_size=&#8221;50px&#8221; arrow_color=&#8221;#00c4de&#8221; arrow_bg=&#8221;RGBA(0,0,0,0)&#8221; arrow_pos_x=&#8221;-41px&#8221; slide_count_tablet=&#8221;1&#8243; slide_count_phone=&#8221;&#8221; slide_count_last_edited=&#8221;on|tablet&#8221; module_class=&#8221;service-slider-sp&#8221; _builder_version=&#8221;4.16&#8243; _module_preset=&#8221;d37d3a28-bfe8-4cd4-8417-cff06ed189d1&#8243; background_color=&#8221;RGBA(0,0,0,0)&#8221; custom_padding=&#8221;20px||20px||true|false&#8221; global_colors_info=&#8221;{}&#8221;][wdcl_image_carousel_child photo=&#8221;http:\/\/kambi.com\/wp-content\/uploads\/2022\/03\/service-1.png&#8221; title=&#8221;Servicio de asesor\u00eda&#8221; sub_title=&#8221;Kambi sabe qu\u00e9 se necesita para lanzar con \u00e9xito una casa de apuestas deportivas en el competitivo mercado latinoamericano actual, desde asesor\u00eda previa al lanzamiento hasta apoyo para el cumplimento de la normativa, pues hemos apoyado docenas de lanzamientos en todo el mundo.&#8221; content_type=&#8221;normal&#8221; content_bg_color=&#8221;#FFFFFF&#8221; _builder_version=&#8221;4.16&#8243; _module_preset=&#8221;default&#8221; title_level=&#8221;h3&#8243; subtitle_level=&#8221;h5&#8243; custom_padding=&#8221;25px|25px|15px|25px|false|true&#8221; global_colors_info=&#8221;{}&#8221;][\/wdcl_image_carousel_child][wdcl_image_carousel_child photo=&#8221;http:\/\/kambi.com\/wp-content\/uploads\/2022\/03\/Reglamento-y-cumplimiento.png&#8221; title=&#8221;Reglamento y cumplimento de la normativa&#8221; sub_title=&#8221;Kambi se encuentra en una fort\u00edsima posici\u00f3n exclusiva sobre la cual desarrollarse atendiendo a las prometedoras se\u00f1ales de regulaci\u00f3n en toda Latinoam\u00e9rica. Nuestra experiencia y pericia en asuntos de cumplimiento de la normativa nos permiten prestar un servicio superior que se adecua a las exigentes necesidades de los actuales mercados altamente regulados, facilit\u00e1ndoles a nuestros socios, desde el primer momento, seguridad en su suministro y tranquilidad.&#8221; content_type=&#8221;normal&#8221; content_bg_color=&#8221;#FFFFFF&#8221; _builder_version=&#8221;4.16&#8243; _module_preset=&#8221;default&#8221; title_level=&#8221;h3&#8243; subtitle_level=&#8221;h5&#8243; custom_padding=&#8221;25px|25px|15px|25px|false|true&#8221; global_colors_info=&#8221;{}&#8221;][\/wdcl_image_carousel_child][wdcl_image_carousel_child photo=&#8221;http:\/\/kambi.com\/wp-content\/uploads\/2022\/03\/Gestores-de-cuentas.png&#8221; title=&#8221;Gestores de cuentas dedicados &#8221; sub_title=&#8221;El creciente departamento de Gesti\u00f3n de \u00c9xito del Socio de Kambi es una variaci\u00f3n de la metodolog\u00eda de \u00e9xito de clientes empleada por numerosas corporaciones mundiales por medio del cual nos aseguramos de que nuestros clientes reciban servicios a la altura de los l\u00edderes del mercado. El departamento trabaja de un modo consultivo para apoyar el crecimiento de nuestros socios y ayudarles a poner en marcha su plan estrat\u00e9gico.&#8221; content_type=&#8221;normal&#8221; content_bg_color=&#8221;#FFFFFF&#8221; _builder_version=&#8221;4.16&#8243; _module_preset=&#8221;default&#8221; title_level=&#8221;h3&#8243; subtitle_level=&#8221;h5&#8243; custom_padding=&#8221;25px|25px|15px|25px|false|true&#8221; global_colors_info=&#8221;{}&#8221;][\/wdcl_image_carousel_child][wdcl_image_carousel_child photo=&#8221;http:\/\/kambi.com\/wp-content\/uploads\/2022\/03\/Asesoria-comercial.png&#8221; title=&#8221;Asesor\u00eda comercial y estrat\u00e9gica&#8221; sub_title=&#8221;La red de socios visionarios de Kambi puede operar con confianza sabiendo que se beneficiar\u00e1 de la asesor\u00eda comercial y estrat\u00e9gica incomparable que le ofrece un equipo que lleva apoyando durante m\u00e1s tiempo que cualquier otro proveedor a los operadores m\u00e1s visionarios del mundo.&#8221; content_type=&#8221;normal&#8221; content_bg_color=&#8221;#FFFFFF&#8221; _builder_version=&#8221;4.16&#8243; _module_preset=&#8221;default&#8221; title_level=&#8221;h3&#8243; subtitle_level=&#8221;h5&#8243; custom_padding=&#8221;25px|25px|15px|25px|false|true&#8221; global_colors_info=&#8221;{}&#8221;][\/wdcl_image_carousel_child][\/wdcl_image_carousel][et_pb_text _builder_version=&#8221;4.16&#8243; _module_preset=&#8221;default&#8221; header_text_color=&#8221;#004572&#8243; global_colors_info=&#8221;{}&#8221;]<\/p>\n<h1>As\u00ed se lo cuentan los principales actores de la industria<\/h1>\n<p>\u00a0El CEO de BetPlay, German Segura, cuenta m\u00e1s sobre la relaci\u00f3n entra la empresa y Kambi<\/p>\n<p>&nbsp;<\/p>\n<p>[\/et_pb_text][\/et_pb_column][\/et_pb_row][\/et_pb_section][et_pb_section fb_built=&#8221;1&#8243; _builder_version=&#8221;4.16&#8243; _module_preset=&#8221;default&#8221; min_height=&#8221;434.3px&#8221; custom_padding=&#8221;0px||67px||false|false&#8221; global_colors_info=&#8221;{}&#8221;][et_pb_row column_structure=&#8221;1_2,1_2&#8243; module_class=&#8221;video-section-class&#8221; _builder_version=&#8221;4.16&#8243; _module_preset=&#8221;default&#8221; background_color=&#8221;#485cc7&#8243; width=&#8221;90%&#8221; max_width=&#8221;1273px&#8221; custom_padding=&#8221;0px||0px||true|false&#8221; global_colors_info=&#8221;{}&#8221; custom_css_main_element_last_edited=&#8221;on|tablet&#8221; custom_css_main_element_tablet=&#8221;flex-wrap: wrap;&#8221; custom_css_main_element_phone=&#8221;flex-wrap: wrap;&#8221;][et_pb_column type=&#8221;1_2&#8243; _builder_version=&#8221;4.16&#8243; _module_preset=&#8221;default&#8221; background_color=&#8221;RGBA(0,0,0,0)&#8221; global_colors_info=&#8221;{}&#8221; custom_css_main_element_last_edited=&#8221;on|tablet&#8221; custom_css_main_element_tablet=&#8221;width: 100%;&#8221; custom_css_main_element_phone=&#8221;width: 100%;&#8221;][et_pb_text _builder_version=&#8221;4.16&#8243; _module_preset=&#8221;default&#8221; header_text_color=&#8221;#FFFFFF&#8221; custom_padding=&#8221;|100px||100px|true|false&#8221; custom_padding_tablet=&#8221;30px|50px|0px|50px|false|true&#8221; custom_padding_phone=&#8221;|30px||30px|false|true&#8221; custom_padding_last_edited=&#8221;on|phone&#8221; global_colors_info=&#8221;{}&#8221;]<\/p>\n<h1>&#8220;Kambi es capaz<br \/>de diferenciar<br \/>su producto<br \/>para satisfacer<br \/>nuestras<br \/>necesidades.&#8221;<\/h1>\n<p>[\/et_pb_text][\/et_pb_column][et_pb_column type=&#8221;1_2&#8243; _builder_version=&#8221;4.16&#8243; _module_preset=&#8221;default&#8221; global_colors_info=&#8221;{}&#8221; custom_css_main_element_last_edited=&#8221;on|tablet&#8221; custom_css_main_element_tablet=&#8221;width: 100%;&#8221; custom_css_main_element_phone=&#8221;width: 100%;&#8221;][et_pb_video src=&#8221;http:\/\/kambi.com\/wp-content\/uploads\/2022\/03\/kambi-powered_betplay_colombia-720p.mp4&#8243; image_src=&#8221;\/\/i.vimeocdn.com\/video\/820675768-e2fd1c42924d44e95945dedacbf6af9b71db070bf5eeabc8eec987ff6ca3a928-d_960&#8243; use_icon_font_size=&#8221;on&#8221; icon_font_size=&#8221;85px&#8221; thumbnail_overlay_color=&#8221;rgba(0,0,0,0.48)&#8221; _builder_version=&#8221;4.16&#8243; _module_preset=&#8221;default&#8221; global_colors_info=&#8221;{}&#8221;][\/et_pb_video][\/et_pb_column][\/et_pb_row][\/et_pb_section]<\/p>\n","protected":false},"excerpt":{"rendered":"<p>La experiencia KambiSu socio de apuestas deportivas de primera Kambi es el proveedor independiente l\u00edder en tecnolog\u00eda y servicios de apuestas deportivas de primera para la industria mundial regulada de apuestas y juegos. Con m\u00e1s de diez a\u00f1os de experiencia brindando servicios de apuestas deportivas a operadores en seis continentes, Kambi se ha posicionado como [&hellip;]<\/p>\n","protected":false},"author":323,"featured_media":0,"parent":0,"menu_order":0,"comment_status":"closed","ping_status":"closed","template":"","meta":{"_acf_changed":false,"_et_pb_use_builder":"on","_et_pb_old_content":"","_et_gb_content_width":"","footnotes":""},"class_list":["post-9945","page","type-page","status-publish","hentry"],"acf":[],"_links":{"self":[{"href":"https:\/\/www.kambi.com\/es\/wp-json\/wp\/v2\/pages\/9945","targetHints":{"allow":["GET"]}}],"collection":[{"href":"https:\/\/www.kambi.com\/es\/wp-json\/wp\/v2\/pages"}],"about":[{"href":"https:\/\/www.kambi.com\/es\/wp-json\/wp\/v2\/types\/page"}],"author":[{"embeddable":true,"href":"https:\/\/www.kambi.com\/es\/wp-json\/wp\/v2\/users\/323"}],"replies":[{"embeddable":true,"href":"https:\/\/www.kambi.com\/es\/wp-json\/wp\/v2\/comments?post=9945"}],"version-history":[{"count":0,"href":"https:\/\/www.kambi.com\/es\/wp-json\/wp\/v2\/pages\/9945\/revisions"}],"wp:attachment":[{"href":"https:\/\/www.kambi.com\/es\/wp-json\/wp\/v2\/media?parent=9945"}],"curies":[{"name":"wp","href":"https:\/\/api.w.org\/{rel}","templated":true}]}}